{"id":1867,"date":"2021-11-04T15:37:32","date_gmt":"2021-11-04T15:37:32","guid":{"rendered":"https:\/\/shiftup.qodeinteractive.com\/?page_id=1867"},"modified":"2024-04-18T23:00:27","modified_gmt":"2024-04-19T04:00:27","slug":"contacto","status":"publish","type":"page","link":"https:\/\/colarte.com.co\/index.php\/contacto\/","title":{"rendered":"Contacto"},"content":{"rendered":"<style>\/*! elementor - v3.20.0 - 26-03-2024 *\/\n.elementor-widget-google_maps .elementor-widget-container{overflow:hidden}.elementor-widget-google_maps .elementor-custom-embed{line-height:0}.elementor-widget-google_maps iframe{height:300px}<\/style>\n<p>\t\t\t<iframe loading=\"lazy\"\n\t\t\t\t\tsrc=\"https:\/\/maps.google.com\/maps?q=London%20Eye%2C%20Londres%2C%20Reino%20Unido&#038;t=m&#038;z=10&#038;output=embed&#038;iwloc=near\"\n\t\t\t\t\ttitle=\"London Eye, Londres, Reino Unido\"\n\t\t\t\t\taria-label=\"London Eye, Londres, Reino Unido\"\n\t\t\t><\/iframe><\/p>\n<h2 style=\"color: #EEEEEE\">\n\t\t\t\t\tEstamos listos para para ti\t\t\t<\/h2>\n<p >Nuestro equipo experto y altamente profesional est\u00e1 listo para atender todas tus necesidades. Ya sea que tengas consultas t\u00e9cnicas, necesites asesoramiento sobre productos o desees solicitar un presupuesto personalizado, estamos aqu\u00ed para ayudarte. <\/p>\n<p style=\"margin-bottom: 10px;\">L\u00ednea de soporte<\/p>\n<h2 style=\"margin-top: 0px; color: #fff;\"><a style=\"color: #ffffff;\" href=\"tel:12345678901;\">+ 1 234 567 &#8211; 8901<\/a><\/h2>\n<p style=\"margin-bottom: 10px;\">Mantente en contacto<\/p>\n<h5 style=\"margin-top: 0px; color: #fff;\">Direcci\u00f3n por rectificar<\/h5>\n<p style=\"margin-bottom: 10px;\">Mantente en contacto<\/p>\n<h5 style=\"margin-top: 0px; color: #fff;\">info@colarte.com.co<\/h5>\n","protected":false},"excerpt":{"rendered":"<p>Estamos listos para para ti Nuestro equipo experto y altamente profesional est\u00e1 listo para atender todas tus necesidades. Ya sea que tengas consultas t\u00e9cnicas, necesites asesoramiento sobre productos o desees solicitar un presupuesto personalizado, estamos aqu\u00ed para ayudarte. L\u00ednea de soporte + 1 234 567 &#8211; 8901 Mantente en contacto Direcci\u00f3n por rectificar Mantente en [&hellip;]<\/p>\n","protected":false},"author":1,"featured_media":0,"parent":0,"menu_order":0,"comment_status":"closed","ping_status":"closed","template":"page-full-width.php","meta":{"om_disable_all_campaigns":false,"_monsterinsights_skip_tracking":false,"_monsterinsights_sitenote_active":false,"_monsterinsights_sitenote_note":"","_monsterinsights_sitenote_category":0,"footnotes":""},"class_list":["post-1867","page","type-page","status-publish","hentry"],"aioseo_notices":[],"_links":{"self":[{"href":"https:\/\/colarte.com.co\/index.php\/wp-json\/wp\/v2\/pages\/1867","targetHints":{"allow":["GET"]}}],"collection":[{"href":"https:\/\/colarte.com.co\/index.php\/wp-json\/wp\/v2\/pages"}],"about":[{"href":"https:\/\/colarte.com.co\/index.php\/wp-json\/wp\/v2\/types\/page"}],"author":[{"embeddable":true,"href":"https:\/\/colarte.com.co\/index.php\/wp-json\/wp\/v2\/users\/1"}],"replies":[{"embeddable":true,"href":"https:\/\/colarte.com.co\/index.php\/wp-json\/wp\/v2\/comments?post=1867"}],"version-history":[{"count":9,"href":"https:\/\/colarte.com.co\/index.php\/wp-json\/wp\/v2\/pages\/1867\/revisions"}],"predecessor-version":[{"id":6133,"href":"https:\/\/colarte.com.co\/index.php\/wp-json\/wp\/v2\/pages\/1867\/revisions\/6133"}],"wp:attachment":[{"href":"https:\/\/colarte.com.co\/index.php\/wp-json\/wp\/v2\/media?parent=1867"}],"curies":[{"name":"wp","href":"https:\/\/api.w.org\/{rel}","templated":true}]}}